{"id":42,"date":"2020-06-09T14:26:27","date_gmt":"2020-06-09T12:26:27","guid":{"rendered":"http:\/\/hotelvogt.familie-vogt.online\/?page_id=42"},"modified":"2024-05-11T11:24:58","modified_gmt":"2024-05-11T09:24:58","slug":"kontakt","status":"publish","type":"page","link":"https:\/\/hotel-vogt.eu\/index.php\/kontakt\/","title":{"rendered":"Kontakt"},"content":{"rendered":"\n<h3>Hotel Vogt \/ Ruhrpottklause<\/h3>\n\n\n\n<p>Freiherr-vom-Stein-Stra\u00dfe 2<br>33014 Bad Driburg<br>Tel: +49 5253 8689990<br>Mobil: +49 171 20 50 184<br>E-Mail: info@hotel-vogt.eu<\/p>\n\n\n\n<h2>\u00d6ffnungszeiten<\/h2>\n\n\n\n<h3>Hotel<\/h3>\n\n\n\n<p class=\"has-text-align-center\"><strong>Montag &#8211; Dienstag &#8211; Freitag<\/strong> &#8211;<strong> Samstag<\/strong><br><strong>von 15.00 Uhr bis 22.00 Uhr<\/strong><br><strong>Sonntag<\/strong><br><strong>von 08.00 Uhr bis 20.00 Uhr<\/strong><br><strong>Mittwoch + Donnerstag<\/strong><br><strong>nach telefonischer Vereinbarung<\/strong><\/p>\n\n\n\n<p class=\"has-text-align-center\"><strong>Falls sie uns nicht pers\u00f6nlich im Haus antreffen, bitten wir um telefonische Kontaktaufnahme <\/strong><\/p>\n\n\n\n<p class=\"has-text-align-center\"><strong>unter +49 171 20 50 184.<\/strong><\/p>\n\n\n\n<h3>Ruhrpottklause<\/h3>\n\n\n\n<p class=\"has-text-align-center\"><strong>Montag &#8211; Dienstag &#8211; Freitag &#8211; Samstag<br>ab 15 Uhr ge\u00f6ffnet<\/strong><br><strong>Freitags bis Dienstags K\u00fcche von 16.00 Uhr bis 20.30 Uhr<\/strong><br><strong>Sonntag<\/strong><br><strong>von 8.00 bis 20.00 Uhr ge\u00f6ffnet<\/strong><br><strong>K\u00fcche von 11.30 Uhr bis 19.00 Uhr <br>Mittwoch + Donnerstag Ruhetag<\/strong><\/p>\n\n\n\n<hr class=\"wp-block-separator\"\/>\n\n\n\n<h2>Anfahrt<\/h2>\n\n\n\n<h3>Mit dem PKW<\/h3>\n\n\n\n<p><strong>Aus Westen kommend:<\/strong><br>Autobahn A1 bis Autobahnkreuz Dortmund-Unna, dort auf die Autobahn A44 Richtung Kassel\/Paderborn bis Autobahndreieck W\u00fcnnenberg\/ Haaren, dort auf die A33 Richtung Bielefeld\/Paderborn bis Ausfahrt Paderborn Zentrum, H\u00f6xter, Bad Driburg. N\u00e4chste Auffahrt auf die B64 Richtung H\u00f6xter, Bad Driburg. Weiterfahrt bis nach Bad Driburg.<\/p>\n\n\n\n<p><strong>Aus S\u00fcden\/Osten kommend:<\/strong><br>Autobahn A5 bzw. A7 Richtung Kassel bis Autobahnkreuz Kassel, dort auf die Autobahn A44 Richtung Dortmund\/ Paderborn bis Ausfahrt Diemelstadt\/BadDriburg. Von dort der Beschilderung nach Bad Driburg folgen.<\/p>\n\n\n\n<p><strong>Aus Norden\/Osten kommend:<\/strong><br>Autobahn A2 (Berlin, Hannover, Dortmund) Richtung Dortmund bis Autobahnkreuz Bielefeld, dort auf die Autobahn A33 Richtung Paderborn bis Ausfahrt Paderborn Zentrum, H\u00f6xter, Bad Driburg. N\u00e4chste Auffahrt auf die B64 Richtung H\u00f6xter, Bad Driburg. Weiter fahrt bis nach Bad Driburg.<\/p>\n\n\n\n<p><\/p>\n","protected":false},"excerpt":{"rendered":"<p>Hotel Vogt \/ Ruhrpottklause Freiherr-vom-Stein-Stra\u00dfe 233014 Bad DriburgTel: +49 5253 8689990Mobil: +49 171 20 50 184E-Mail: info@hotel-vogt.eu \u00d6ffnungszeiten Hotel Montag &#8211; Dienstag &#8211; Freitag &#8211; Samstagvon 15.00 Uhr bis 22.00 UhrSonntagvon 08.00 Uhr bis 20.00 UhrMittwoch + Donnerstagnach telefonischer Vereinbarung <a href=\"https:\/\/hotel-vogt.eu\/index.php\/kontakt\/\" class=\"more-link\">Weiterlesen<\/a><\/p>\n","protected":false},"author":2,"featured_media":0,"parent":0,"menu_order":0,"comment_status":"closed","ping_status":"closed","template":"","meta":[],"_links":{"self":[{"href":"https:\/\/hotel-vogt.eu\/index.php\/wp-json\/wp\/v2\/pages\/42"}],"collection":[{"href":"https:\/\/hotel-vogt.eu\/index.php\/wp-json\/wp\/v2\/pages"}],"about":[{"href":"https:\/\/hotel-vogt.eu\/index.php\/wp-json\/wp\/v2\/types\/page"}],"author":[{"embeddable":true,"href":"https:\/\/hotel-vogt.eu\/index.php\/wp-json\/wp\/v2\/users\/2"}],"replies":[{"embeddable":true,"href":"https:\/\/hotel-vogt.eu\/index.php\/wp-json\/wp\/v2\/comments?post=42"}],"version-history":[{"count":7,"href":"https:\/\/hotel-vogt.eu\/index.php\/wp-json\/wp\/v2\/pages\/42\/revisions"}],"predecessor-version":[{"id":251,"href":"https:\/\/hotel-vogt.eu\/index.php\/wp-json\/wp\/v2\/pages\/42\/revisions\/251"}],"wp:attachment":[{"href":"https:\/\/hotel-vogt.eu\/index.php\/wp-json\/wp\/v2\/media?parent=42"}],"curies":[{"name":"wp","href":"https:\/\/api.w.org\/{rel}","templated":true}]}}