{"id":27,"date":"2020-06-09T14:02:53","date_gmt":"2020-06-09T12:02:53","guid":{"rendered":"http:\/\/hotelvogt.familie-vogt.online\/?page_id=27"},"modified":"2025-06-21T14:22:00","modified_gmt":"2025-06-21T12:22:00","slug":"das-hotel","status":"publish","type":"page","link":"https:\/\/hotel-vogt.eu\/index.php\/das-hotel\/","title":{"rendered":"Das Hotel"},"content":{"rendered":"\n<p>Wir bietet unseren G\u00e4sten komfortable und voll ausgestattete Zimmer in pers\u00f6nlicher Atmosph\u00e4re. Samstags und Sonntags wird ein reichhaltiges Fr\u00fchst\u00fccks serviert. Unser Restaurant Ruhrpottklause, in dem traditionelle Speisen und Getr\u00e4nke serviert werden, l\u00e4dt zu gem\u00fctlichem Beisammensein ein. Au\u00dferdem bieten wir kostenlose Parkm\u00f6glichkeiten direkt am Hotel.<\/p>\n\n\n\n<h2>Lage<\/h2>\n\n\n\n<p>Direkt am Kurpark gelegen. Eine Bushaltestelle die in regelm\u00e4\u00dfigen Abst\u00e4nden vom B\u00fcrgerbus angefahren wird, befindet sich in 100 m Entfernung.<br>Die Kurkliniken Markus-Klinik (500 m), Reha-Klinik Berlin (700 m) sowie Klinik Rosenberg (1 km) sind schnell zu Fu\u00df zu erreichen.<br>Die Teststrecke Bilster Berg befindet sich in 9 km Entfernung.<\/p>\n\n\n\n<figure class=\"wp-block-table is-style-stripes\"><table class=\"has-fixed-layout\"><tbody><tr><td>\u00d6PNV (Bushaltestelle)<\/td><td>100 m<\/td><\/tr><tr><td>Kurpark<\/td><td>200 m<\/td><\/tr><tr><td>Bahnhof<\/td><td>500 m<\/td><\/tr><tr><td>Stadtzentrum<\/td><td>1 km<\/td><\/tr><tr><td>Flughafen PB<\/td><td>31,5 km<\/td><\/tr><\/tbody><\/table><figcaption>Entfernungen<\/figcaption><\/figure>\n\n\n\n<h2><\/h2>\n\n\n\n<figure class=\"wp-block-image\"><img alt=\"\"\/><\/figure>\n","protected":false},"excerpt":{"rendered":"<p>Wir bietet unseren G\u00e4sten komfortable und voll ausgestattete Zimmer in pers\u00f6nlicher Atmosph\u00e4re. Samstags und Sonntags wird ein reichhaltiges Fr\u00fchst\u00fccks serviert. Unser Restaurant Ruhrpottklause, in dem traditionelle Speisen und Getr\u00e4nke serviert werden, l\u00e4dt zu gem\u00fctlichem Beisammensein ein. Au\u00dferdem bieten wir kostenlose <a href=\"https:\/\/hotel-vogt.eu\/index.php\/das-hotel\/\" class=\"more-link\">Weiterlesen<\/a><\/p>\n","protected":false},"author":1,"featured_media":65,"parent":0,"menu_order":0,"comment_status":"closed","ping_status":"closed","template":"","meta":[],"_links":{"self":[{"href":"https:\/\/hotel-vogt.eu\/index.php\/wp-json\/wp\/v2\/pages\/27"}],"collection":[{"href":"https:\/\/hotel-vogt.eu\/index.php\/wp-json\/wp\/v2\/pages"}],"about":[{"href":"https:\/\/hotel-vogt.eu\/index.php\/wp-json\/wp\/v2\/types\/page"}],"author":[{"embeddable":true,"href":"https:\/\/hotel-vogt.eu\/index.php\/wp-json\/wp\/v2\/users\/1"}],"replies":[{"embeddable":true,"href":"https:\/\/hotel-vogt.eu\/index.php\/wp-json\/wp\/v2\/comments?post=27"}],"version-history":[{"count":10,"href":"https:\/\/hotel-vogt.eu\/index.php\/wp-json\/wp\/v2\/pages\/27\/revisions"}],"predecessor-version":[{"id":334,"href":"https:\/\/hotel-vogt.eu\/index.php\/wp-json\/wp\/v2\/pages\/27\/revisions\/334"}],"wp:featuredmedia":[{"embeddable":true,"href":"https:\/\/hotel-vogt.eu\/index.php\/wp-json\/wp\/v2\/media\/65"}],"wp:attachment":[{"href":"https:\/\/hotel-vogt.eu\/index.php\/wp-json\/wp\/v2\/media?parent=27"}],"curies":[{"name":"wp","href":"https:\/\/api.w.org\/{rel}","templated":true}]}}